{"id":10,"date":"2022-06-26T18:29:35","date_gmt":"2022-06-26T18:29:35","guid":{"rendered":"https:\/\/Kathrin-und-Manuel-2022.anontec.de\/?page_id=10"},"modified":"2022-06-27T14:36:17","modified_gmt":"2022-06-27T14:36:17","slug":"ich-hab-keinen-plan","status":"publish","type":"page","link":"https:\/\/Kathrin-und-Manuel-2022.anontec.de\/?page_id=10","title":{"rendered":"Anmeldeformular"},"content":{"rendered":"\n<p><\/p>\n\n\n\n<p><strong>Anmeldeformular f\u00fcr die Hochzeit am 03.09.2022<\/strong><\/p>\n\n\n\n<p>F\u00fcr unsere Planungen bitten wir euch, das folgende Formular auszuf\u00fcllen. Falls ihr uns noch etwas Bestimmtes mitteilen m\u00f6chtet, gibt es am Seitenende noch ein freies Kommentarfeld, dort k\u00f6nnt Ihr alles loswerden.<\/p>\n\n\n\n<p>Vielen Dank euch schonmal und beste Gr\u00fc\u00dfe<\/p>\n\n\n\n<p>Kathrin und Manu<\/p>\n\n\n<div class=\"wp-block-image\">\n<figure class=\"aligncenter size-large is-resized\"><img loading=\"lazy\" src=\"https:\/\/Kathrin-und-Manuel-2022.anontec.de\/wp-content\/uploads\/2022\/06\/20180907_164735-1024x512.jpg\" alt=\"\" class=\"wp-image-47\" width=\"840\" height=\"420\" srcset=\"https:\/\/Kathrin-und-Manuel-2022.anontec.de\/wp-content\/uploads\/2022\/06\/20180907_164735-1024x512.jpg 1024w, https:\/\/Kathrin-und-Manuel-2022.anontec.de\/wp-content\/uploads\/2022\/06\/20180907_164735-300x150.jpg 300w, https:\/\/Kathrin-und-Manuel-2022.anontec.de\/wp-content\/uploads\/2022\/06\/20180907_164735-768x384.jpg 768w, https:\/\/Kathrin-und-Manuel-2022.anontec.de\/wp-content\/uploads\/2022\/06\/20180907_164735-1536x768.jpg 1536w, https:\/\/Kathrin-und-Manuel-2022.anontec.de\/wp-content\/uploads\/2022\/06\/20180907_164735-2048x1024.jpg 2048w, https:\/\/Kathrin-und-Manuel-2022.anontec.de\/wp-content\/uploads\/2022\/06\/20180907_164735-2000x1000.jpg 2000w\" sizes=\"(max-width: 840px) 100vw, 840px\" \/><\/figure><\/div>\n\n<div class=\"frm_forms  with_frm_style frm_style_formidable-style\" id=\"frm_form_2_container\" data-token=\"249ebb09ba2e5d08791b67a45f619989\">\n<form enctype=\"multipart\/form-data\" method=\"post\" class=\"frm-show-form \" id=\"form_anmeldung\"  data-token=\"249ebb09ba2e5d08791b67a45f619989\">\n<div class=\"frm_form_fields \">\n<fieldset>\n<legend class=\"frm_screen_reader\">Anmeldung<\/legend>\n\n<div class=\"frm_fields_container\">\n<input type=\"hidden\" name=\"frm_action\" value=\"create\" \/>\n<input type=\"hidden\" name=\"form_id\" value=\"2\" \/>\n<input type=\"hidden\" name=\"frm_hide_fields_2\" id=\"frm_hide_fields_2\" value=\"\" \/>\n<input type=\"hidden\" name=\"form_key\" value=\"anmeldung\" \/>\n<input type=\"hidden\" name=\"item_meta[0]\" value=\"\" \/>\n<input type=\"hidden\" id=\"frm_submit_entry_2\" name=\"frm_submit_entry_2\" value=\"376c7967bf\" \/><input type=\"hidden\" name=\"_wp_http_referer\" value=\"\/index.php?rest_route=%2Fwp%2Fv2%2Fpages%2F10\" \/><div id=\"frm_field_12_container\" class=\"frm_form_field form-field  frm_required_field frm_top_container frm12 frm_first\">\n    <div  id=\"field_6e6nl_label\" class=\"frm_primary_label\">Name\n        <span class=\"frm_required\" aria-hidden=\"true\">*<\/span>\n    <\/div>\n    <fieldset aria-labelledby=\"field_6e6nl_label\">\n\t<legend class=\"frm_screen_reader frm_hidden\">\n\t\tName\t<\/legend>\n\n\t<div  class=\"frm_combo_inputs_container\" id=\"frm_combo_inputs_container_12\" data-name-layout=\"first_last\">\n\t\t\t\t\t<div\n\t\t\t\tid=\"frm_field_12-first_container\"\n\t\t\t\tclass=\"frm_form_field form-field frm_form_subfield-first  frm6\"\n\t\t\t\tdata-sub-field-name=\"first\"\n\t\t\t>\n\t\t\t\t<label for=\"field_6e6nl_first\" class=\"frm_screen_reader frm_hidden\">\n\t\t\t\t\tVorname\t\t\t\t<\/label>\n\n\t\t\t\t\t\t\t\t\t\t<input\n\t\t\t\t\t\t\ttype=\"text\"\n\t\t\t\t\t\t\tid=\"field_6e6nl_first\"\n\t\t\t\t\t\t\tvalue=\"\"\n\t\t\t\t\t\t\tname=\"item_meta[12][first]\"  data-reqmsg=\"Dieses Feld darf nicht leer sein.\" aria-required=\"true\" data-invmsg=\"Name ist ung\u00fcltig\" aria-invalid=\"false\"  \t\t\t\t\t\t\/>\n\t\t\t\t\t\t<div class=\"frm_description\" id=\"frm_field_12_first_desc\">Vorname<\/div>\t\t\t<\/div>\n\t\t\t\t\t<div\n\t\t\t\tid=\"frm_field_12-last_container\"\n\t\t\t\tclass=\"frm_form_field form-field frm_form_subfield-last  frm6\"\n\t\t\t\tdata-sub-field-name=\"last\"\n\t\t\t>\n\t\t\t\t<label for=\"field_6e6nl_last\" class=\"frm_screen_reader frm_hidden\">\n\t\t\t\t\tNachname\t\t\t\t<\/label>\n\n\t\t\t\t\t\t\t\t\t\t<input\n\t\t\t\t\t\t\ttype=\"text\"\n\t\t\t\t\t\t\tid=\"field_6e6nl_last\"\n\t\t\t\t\t\t\tvalue=\"\"\n\t\t\t\t\t\t\tname=\"item_meta[12][last]\"  data-reqmsg=\"Dieses Feld darf nicht leer sein.\" aria-required=\"true\" data-invmsg=\"Name ist ung\u00fcltig\" aria-invalid=\"false\"  \t\t\t\t\t\t\/>\n\t\t\t\t\t\t<div class=\"frm_description\" id=\"frm_field_12_last_desc\">Nachname<\/div>\t\t\t<\/div>\n\t\t\t<\/div>\n<\/fieldset>\n\n    \n    \n<\/div>\n<div id=\"frm_field_7_container\" class=\"frm_form_field form-field  frm_required_field frm_top_container vertical_radio\">\n    <div  id=\"field_5d1st_label\" class=\"frm_primary_label\">Teilnahme\n        <span class=\"frm_required\" aria-hidden=\"true\">*<\/span>\n    <\/div>\n    <div class=\"frm_opt_container\" aria-labelledby=\"field_5d1st_label\" role=\"group\">\t\t<div class=\"frm_checkbox\" id=\"frm_checkbox_7-0\"><label for=\"field_5d1st-0\"><input type=\"checkbox\" name=\"item_meta[7][]\" id=\"field_5d1st-0\" value=\"Ja, ich m\u00f6chte gerne an Eurer Hochzeit teilnehmen\"  data-reqmsg=\"Dieses Feld darf nicht leer sein.\" aria-required=\"true\" data-invmsg=\"Teilnahme ist ung\u00fcltig\" aria-invalid=\"false\"   \/> Ja, ich m\u00f6chte gerne an Eurer Hochzeit teilnehmen<\/label><\/div>\n\t\t<div class=\"frm_checkbox\" id=\"frm_checkbox_7-1\"><label for=\"field_5d1st-1\"><input type=\"checkbox\" name=\"item_meta[7][]\" id=\"field_5d1st-1\" value=\"Ich kann oder m\u00f6chte leider nicht dabei sein\"  data-reqmsg=\"Dieses Feld darf nicht leer sein.\" aria-required=\"true\" data-invmsg=\"Teilnahme ist ung\u00fcltig\" aria-invalid=\"false\"   \/> Ich kann oder m\u00f6chte leider nicht dabei sein<\/label><\/div>\n<\/div>\n    \n    \n<\/div>\n<div id=\"frm_field_17_container\" class=\"frm_form_field form-field  frm_top_container frm6 frm_first\">\n    <label for=\"field_62qfw\" id=\"field_62qfw_label\" class=\"frm_primary_label\">Anzahl erwachsene Begleitungen\n        <span class=\"frm_required\" aria-hidden=\"true\"><\/span>\n    <\/label>\n    \t\t<select name=\"item_meta[17]\" id=\"field_62qfw\"  data-frmval=\"Neue Option\" data-invmsg=\"Anzahl erwachsene Begleitungen ist ung\u00fcltig\" aria-invalid=\"false\"  >\n\t\t\t\t<option  value=\"0\">\n\t\t\t0\t\t<\/option>\n\t\t\t\t<option  value=\"1\">\n\t\t\t1\t\t<\/option>\n\t\t\t\t<option  value=\"2\">\n\t\t\t2\t\t<\/option>\n\t\t\t\t<option  value=\"3\">\n\t\t\t3\t\t<\/option>\n\t\t\t\t<option  value=\"4\">\n\t\t\t4\t\t<\/option>\n\t\t\t\t<option  value=\"5\">\n\t\t\t5\t\t<\/option>\n\t\t\t<\/select>\n\t\n    \n    \n<\/div>\n<div id=\"frm_field_26_container\" class=\"frm_form_field form-field  frm_top_container frm6\">\n    <label for=\"field_ql6ld\" id=\"field_ql6ld_label\" class=\"frm_primary_label\">Name(n) der erwachsenen Begleitung(en)\n        <span class=\"frm_required\" aria-hidden=\"true\"><\/span>\n    <\/label>\n    <textarea name=\"item_meta[26]\" id=\"field_ql6ld\" rows=\"5\"  data-invmsg=\"Name(n) der erwachsenen Begleitung(en) ist ung\u00fcltig\" aria-invalid=\"false\"  ><\/textarea>\n    \n    \n<\/div>\n<div id=\"frm_field_14_container\" class=\"frm_form_field form-field  frm_top_container frm6 frm_first\">\n    <label for=\"field_r03hg\" id=\"field_r03hg_label\" class=\"frm_primary_label\">Anzahl minderj\u00e4hrige Begleitungen\n        <span class=\"frm_required\" aria-hidden=\"true\"><\/span>\n    <\/label>\n    \t\t<select name=\"item_meta[14]\" id=\"field_r03hg\"  data-invmsg=\"Anzahl minderj\u00e4hrige Begleitungen ist ung\u00fcltig\" aria-invalid=\"false\"  >\n\t\t\t\t<option  value=\"0\">\n\t\t\t0\t\t<\/option>\n\t\t\t\t<option  value=\"1\">\n\t\t\t1\t\t<\/option>\n\t\t\t\t<option  value=\"2\">\n\t\t\t2\t\t<\/option>\n\t\t\t\t<option  value=\"3\">\n\t\t\t3\t\t<\/option>\n\t\t\t\t<option  value=\"4\">\n\t\t\t4\t\t<\/option>\n\t\t\t\t<option  value=\"5\">\n\t\t\t5\t\t<\/option>\n\t\t\t\t<option  value=\"6\">\n\t\t\t6\t\t<\/option>\n\t\t\t<\/select>\n\t\n    \n    \n<\/div>\n<div id=\"frm_field_27_container\" class=\"frm_form_field form-field  frm_top_container frm6\">\n    <label for=\"field_ve9ms\" id=\"field_ve9ms_label\" class=\"frm_primary_label\">Name(n) und Alter der minderj\u00e4hrigen Begleitung(en)\n        <span class=\"frm_required\" aria-hidden=\"true\"><\/span>\n    <\/label>\n    <textarea name=\"item_meta[27]\" id=\"field_ve9ms\" rows=\"5\"  data-invmsg=\"Name(n) und Alter der minderj\u00e4hrigen Begleitung(en) ist ung\u00fcltig\" aria-invalid=\"false\"  ><\/textarea>\n    \n    \n<\/div>\n<div id=\"frm_field_21_container\" class=\"frm_form_field form-field  frm_top_container frm12 frm_first\">\n    <label for=\"field_zak0u\" id=\"field_zak0u_label\" class=\"frm_primary_label\">E-Mail-Adresse\n        <span class=\"frm_required\" aria-hidden=\"true\"><\/span>\n    <\/label>\n    <input type=\"email\" id=\"field_zak0u\" name=\"item_meta[21]\" value=\"\"  data-invmsg=\"E-Mail ist ung\u00fcltig\" aria-invalid=\"false\"  \/>\n    \n    \n<\/div>\n<div id=\"frm_field_9_container\" class=\"frm_form_field form-field  frm_top_container frm12 frm_first\">\n    <label for=\"field_2zwx\" id=\"field_2zwx_label\" class=\"frm_primary_label\">Telefon\n        <span class=\"frm_required\" aria-hidden=\"true\"><\/span>\n    <\/label>\n    <input type=\"tel\" id=\"field_2zwx\" name=\"item_meta[9]\" value=\"\"  data-invmsg=\"Telefon ist ung\u00fcltig\" aria-invalid=\"false\" pattern=\"((\\+\\d{1,3}(-|.| )?\\(?\\d\\)?(-| |.)?\\d{1,5})|(\\(?\\d{2,6}\\)?))(-|.| )?(\\d{3,4})(-|.| )?(\\d{4})(( x| ext)\\d{1,5}){0,1}$\"  \/>\n    \n    \n<\/div>\n<div id=\"frm_field_23_container\" class=\"frm_form_field form-field  frm_top_container frm12 frm_first\">\n    <label for=\"field_u6u7f\" id=\"field_u6u7f_label\" class=\"frm_primary_label\">Das sollten wir f\u00fcr die kulinarischen Planungen wissen\n        <span class=\"frm_required\" aria-hidden=\"true\"><\/span>\n    <\/label>\n    \t\t<select name=\"item_meta[23]\" id=\"field_u6u7f\"  data-frmval=\"Neue Option\" data-invmsg=\"Das sollten wir f\u00fcr die kulinarischen Planungen wissen ist ung\u00fcltig\" aria-invalid=\"false\"  >\n\t\t\t\t<option  value=\"\">\n\t\t\t \t\t<\/option>\n\t\t\t\t<option  value=\"Alles(fr)esser\">\n\t\t\tAlles(fr)esser\t\t<\/option>\n\t\t\t\t<option  value=\"Vegetarier*in\">\n\t\t\tVegetarier*in\t\t<\/option>\n\t\t\t\t<option  value=\"Veganer*in\">\n\t\t\tVeganer*in\t\t<\/option>\n\t\t\t\t<option  value=\"ernstzunehmende (Nahrungsmittel-)Allergie (bitte spezifizieren)\">\n\t\t\ternstzunehmende (Nahrungsmittel-)Allergie (bitte spezifizieren)\t\t<\/option>\n\t\t\t<\/select>\n\t\n    \n    \n<\/div>\n<div id=\"frm_field_25_container\" class=\"frm_form_field form-field  frm_top_container frm12 frm_first vertical_radio\">\n    <div  id=\"field_4pwzi_label\" class=\"frm_primary_label\">Reise, Unterkunft und Rahmenprogramm (f\u00fcr die Urlauber)\n        <span class=\"frm_required\" aria-hidden=\"true\"><\/span>\n    <\/div>\n    <div class=\"frm_opt_container\" aria-labelledby=\"field_4pwzi_label\" role=\"group\">\t\t<div class=\"frm_checkbox\" id=\"frm_checkbox_25-0\"><label for=\"field_4pwzi-0\"><input type=\"checkbox\" name=\"item_meta[25][]\" id=\"field_4pwzi-0\" value=\"Unterst\u00fctzung bei Planung der Reise und\/oder Unterkunft ist erw\u00fcnscht\"  data-invmsg=\"Reise, Unterkunft und Rahmenprogramm (f\u00fcr die Urlauber) ist ung\u00fcltig\" aria-invalid=\"false\"   \/> Unterst\u00fctzung bei Planung der Reise und\/oder Unterkunft ist erw\u00fcnscht<\/label><\/div>\n\t\t<div class=\"frm_checkbox\" id=\"frm_checkbox_25-1\"><label for=\"field_4pwzi-1\"><input type=\"checkbox\" name=\"item_meta[25][]\" id=\"field_4pwzi-1\" value=\"ja, ich bin ggf. an gemeinsamen Aktivit\u00e4ten vor\/nach der Hochzeit interessiert (bitte Datumsbereich im Kommentarfeld angeben)\"  data-invmsg=\"Reise, Unterkunft und Rahmenprogramm (f\u00fcr die Urlauber) ist ung\u00fcltig\" aria-invalid=\"false\"   \/> ja, ich bin ggf. an gemeinsamen Aktivit\u00e4ten vor\/nach der Hochzeit interessiert (bitte Datumsbereich im Kommentarfeld angeben)<\/label><\/div>\n\t\t<div class=\"frm_checkbox\" id=\"frm_checkbox_25-2\"><label for=\"field_4pwzi-2\"><input type=\"checkbox\" name=\"item_meta[25][]\" id=\"field_4pwzi-2\" value=\"nein, danke, kein Bedarf\"  data-invmsg=\"Reise, Unterkunft und Rahmenprogramm (f\u00fcr die Urlauber) ist ung\u00fcltig\" aria-invalid=\"false\"   \/> nein, danke, kein Bedarf<\/label><\/div>\n<\/div>\n    \n    \n<\/div>\n<div id=\"frm_field_28_container\" class=\"frm_form_field form-field  frm_top_container frm12 frm_first\">\n    <label for=\"field_t4n92\" id=\"field_t4n92_label\" class=\"frm_primary_label\">freies Kommentarfeld\n        <span class=\"frm_required\" aria-hidden=\"true\"><\/span>\n    <\/label>\n    <textarea name=\"item_meta[28]\" id=\"field_t4n92\" rows=\"5\"  data-invmsg=\"freies Kommentarfeld ist ung\u00fcltig\" aria-invalid=\"false\"  ><\/textarea>\n    \n    \n<\/div>\n\t<input type=\"hidden\" name=\"item_key\" value=\"\" \/>\n\t\t\t\t<div class=\"frm_verify\" aria-hidden=\"true\">\n\t\t\t\t<label for=\"frm_email_2\">\n\t\t\t\t\tFalls Du menschlich bist, lasse dieses Feld leer.\t\t\t\t<\/label>\n\t\t\t\t<input type=\"text\" class=\"frm_verify\" id=\"frm_email_2\" name=\"frm_verify\" value=\"\"  \/>\n\t\t\t<\/div>\n\t\t<div class=\"frm_submit\">\n\n<button class=\"frm_button_submit\" type=\"submit\"  >Senden<\/button>\n\n\n<\/div><\/div>\n<\/fieldset>\n<\/div>\n<\/form>\n<\/div>\n","protected":false},"excerpt":{"rendered":"<p>Anmeldeformular f\u00fcr die Hochzeit am 03.09.2022 F\u00fcr unsere Planungen bitten wir euch, das folgende Formular auszuf\u00fcllen. Falls ihr uns noch etwas Bestimmtes mitteilen m\u00f6chtet, gibt &hellip;<\/p>\n","protected":false},"author":1,"featured_media":0,"parent":0,"menu_order":0,"comment_status":"closed","ping_status":"closed","template":"","meta":[],"_links":{"self":[{"href":"https:\/\/Kathrin-und-Manuel-2022.anontec.de\/index.php?rest_route=\/wp\/v2\/pages\/10"}],"collection":[{"href":"https:\/\/Kathrin-und-Manuel-2022.anontec.de\/index.php?rest_route=\/wp\/v2\/pages"}],"about":[{"href":"https:\/\/Kathrin-und-Manuel-2022.anontec.de\/index.php?rest_route=\/wp\/v2\/types\/page"}],"author":[{"embeddable":true,"href":"https:\/\/Kathrin-und-Manuel-2022.anontec.de\/index.php?rest_route=\/wp\/v2\/users\/1"}],"replies":[{"embeddable":true,"href":"https:\/\/Kathrin-und-Manuel-2022.anontec.de\/index.php?rest_route=%2Fwp%2Fv2%2Fcomments&post=10"}],"version-history":[{"count":9,"href":"https:\/\/Kathrin-und-Manuel-2022.anontec.de\/index.php?rest_route=\/wp\/v2\/pages\/10\/revisions"}],"predecessor-version":[{"id":130,"href":"https:\/\/Kathrin-und-Manuel-2022.anontec.de\/index.php?rest_route=\/wp\/v2\/pages\/10\/revisions\/130"}],"wp:attachment":[{"href":"https:\/\/Kathrin-und-Manuel-2022.anontec.de\/index.php?rest_route=%2Fwp%2Fv2%2Fmedia&parent=10"}],"curies":[{"name":"wp","href":"https:\/\/api.w.org\/{rel}","templated":true}]}}