{"id":178,"date":"2022-07-04T19:05:03","date_gmt":"2022-07-04T19:05:03","guid":{"rendered":"https:\/\/Kathrin-und-Manuel-2022.anontec.de\/?page_id=178"},"modified":"2022-07-04T20:42:17","modified_gmt":"2022-07-04T20:42:17","slug":"inscripcion","status":"publish","type":"page","link":"https:\/\/Kathrin-und-Manuel-2022.anontec.de\/?page_id=178&lang=es","title":{"rendered":"Inscripci\u00f3n"},"content":{"rendered":"\n<p><strong>Inscripci\u00f3n para la boda del 03\/09\/2022<\/strong><\/p>\n\n\n\n<p>Para nuestra planificaci\u00f3n les pedimos que llenen el siguiente formulario. Si desean comentarnos algo dem\u00e1s, hay un campo de comentario libre al final de la p\u00e1gina, donde pueden decirnos todo lo que haya faltado hasta all\u00ed.<\/p>\n\n\n\n<p>Muchas gracias, saludos y besitos!<\/p>\n\n\n\n<p>Kathrin y Manu<\/p>\n\n\n<div class=\"wp-block-image\">\n<figure class=\"aligncenter size-large is-resized\"><img loading=\"lazy\" src=\"https:\/\/Kathrin-und-Manuel-2022.anontec.de\/wp-content\/uploads\/2022\/06\/20180907_164735-1024x512.jpg\" alt=\"\" class=\"wp-image-47\" width=\"840\" height=\"420\" srcset=\"https:\/\/Kathrin-und-Manuel-2022.anontec.de\/wp-content\/uploads\/2022\/06\/20180907_164735-1024x512.jpg 1024w, https:\/\/Kathrin-und-Manuel-2022.anontec.de\/wp-content\/uploads\/2022\/06\/20180907_164735-300x150.jpg 300w, https:\/\/Kathrin-und-Manuel-2022.anontec.de\/wp-content\/uploads\/2022\/06\/20180907_164735-768x384.jpg 768w, https:\/\/Kathrin-und-Manuel-2022.anontec.de\/wp-content\/uploads\/2022\/06\/20180907_164735-1536x768.jpg 1536w, https:\/\/Kathrin-und-Manuel-2022.anontec.de\/wp-content\/uploads\/2022\/06\/20180907_164735-2048x1024.jpg 2048w, https:\/\/Kathrin-und-Manuel-2022.anontec.de\/wp-content\/uploads\/2022\/06\/20180907_164735-2000x1000.jpg 2000w\" sizes=\"(max-width: 840px) 100vw, 840px\" \/><\/figure><\/div>\n\n<div class=\"frm_forms  with_frm_style frm_style_formidable-style\" id=\"frm_form_5_container\" data-token=\"249ebb09ba2e5d08791b67a45f619989\">\n<form enctype=\"multipart\/form-data\" method=\"post\" class=\"frm-show-form \" id=\"form_anmeldung4\"  data-token=\"249ebb09ba2e5d08791b67a45f619989\">\n<div class=\"frm_form_fields \">\n<fieldset>\n<legend class=\"frm_screen_reader\">Anmeldung ARG<\/legend>\r\n\r\n<div class=\"frm_fields_container\">\n<input type=\"hidden\" name=\"frm_action\" value=\"create\" \/>\n<input type=\"hidden\" name=\"form_id\" value=\"5\" \/>\n<input type=\"hidden\" name=\"frm_hide_fields_5\" id=\"frm_hide_fields_5\" value=\"\" \/>\n<input type=\"hidden\" name=\"form_key\" value=\"anmeldung4\" \/>\n<input type=\"hidden\" name=\"item_meta[0]\" value=\"\" \/>\n<input type=\"hidden\" id=\"frm_submit_entry_5\" name=\"frm_submit_entry_5\" value=\"376c7967bf\" \/><input type=\"hidden\" name=\"_wp_http_referer\" value=\"\/index.php?rest_route=%2Fwp%2Fv2%2Fpages%2F178\" \/><div id=\"frm_field_51_container\" class=\"frm_form_field form-field  frm_required_field frm_top_container frm12 frm_first\">\r\n    <div  id=\"field_6e6nl4_label\" class=\"frm_primary_label\">Nombre\r\n        <span class=\"frm_required\" aria-hidden=\"true\">*<\/span>\r\n    <\/div>\r\n    <fieldset aria-labelledby=\"field_6e6nl4_label\">\n\t<legend class=\"frm_screen_reader frm_hidden\">\n\t\tNombre\t<\/legend>\n\n\t<div  class=\"frm_combo_inputs_container\" id=\"frm_combo_inputs_container_51\" data-name-layout=\"first_last\">\n\t\t\t\t\t<div\n\t\t\t\tid=\"frm_field_51-first_container\"\n\t\t\t\tclass=\"frm_form_field form-field frm_form_subfield-first  frm6\"\n\t\t\t\tdata-sub-field-name=\"first\"\n\t\t\t>\n\t\t\t\t<label for=\"field_6e6nl4_first\" class=\"frm_screen_reader frm_hidden\">\n\t\t\t\t\tNombre\t\t\t\t<\/label>\n\n\t\t\t\t\t\t\t\t\t\t<input\n\t\t\t\t\t\t\ttype=\"text\"\n\t\t\t\t\t\t\tid=\"field_6e6nl4_first\"\n\t\t\t\t\t\t\tvalue=\"\"\n\t\t\t\t\t\t\tname=\"item_meta[51][first]\"  data-reqmsg=\"Dieses Feld darf nicht leer sein.\" aria-required=\"true\" data-invmsg=\"Nombre ist ung\u00fcltig\" aria-invalid=\"false\"  \t\t\t\t\t\t\/>\n\t\t\t\t\t\t<div class=\"frm_description\" id=\"frm_field_51_first_desc\">Nombre<\/div>\t\t\t<\/div>\n\t\t\t\t\t<div\n\t\t\t\tid=\"frm_field_51-last_container\"\n\t\t\t\tclass=\"frm_form_field form-field frm_form_subfield-last  frm6\"\n\t\t\t\tdata-sub-field-name=\"last\"\n\t\t\t>\n\t\t\t\t<label for=\"field_6e6nl4_last\" class=\"frm_screen_reader frm_hidden\">\n\t\t\t\t\tApellido\t\t\t\t<\/label>\n\n\t\t\t\t\t\t\t\t\t\t<input\n\t\t\t\t\t\t\ttype=\"text\"\n\t\t\t\t\t\t\tid=\"field_6e6nl4_last\"\n\t\t\t\t\t\t\tvalue=\"\"\n\t\t\t\t\t\t\tname=\"item_meta[51][last]\"  data-reqmsg=\"Dieses Feld darf nicht leer sein.\" aria-required=\"true\" data-invmsg=\"Nombre ist ung\u00fcltig\" aria-invalid=\"false\"  \t\t\t\t\t\t\/>\n\t\t\t\t\t\t<div class=\"frm_description\" id=\"frm_field_51_last_desc\">Apellido<\/div>\t\t\t<\/div>\n\t\t\t<\/div>\n<\/fieldset>\n\r\n    \r\n    \r\n<\/div>\n<div id=\"frm_field_52_container\" class=\"frm_form_field form-field  frm_required_field frm_top_container vertical_radio\">\r\n    <div  id=\"field_5d1st4_label\" class=\"frm_primary_label\">Participaci\u00f3n\r\n        <span class=\"frm_required\" aria-hidden=\"true\">*<\/span>\r\n    <\/div>\r\n    <div class=\"frm_opt_container\" aria-labelledby=\"field_5d1st4_label\" role=\"group\">\t\t<div class=\"frm_checkbox\" id=\"frm_checkbox_52-0\"><label for=\"field_5d1st4-0\"><input type=\"checkbox\" name=\"item_meta[52][]\" id=\"field_5d1st4-0\" value=\"S\u00ed, quiero ir a esta boda\"  data-reqmsg=\"Dieses Feld darf nicht leer sein.\" aria-required=\"true\" data-invmsg=\"Participaci\u00f3n ist ung\u00fcltig\" aria-invalid=\"false\"   \/> S\u00ed, quiero ir a esta boda<\/label><\/div>\n\t\t<div class=\"frm_checkbox\" id=\"frm_checkbox_52-1\"><label for=\"field_5d1st4-1\"><input type=\"checkbox\" name=\"item_meta[52][]\" id=\"field_5d1st4-1\" value=\"No quiero o no puedo participar\"  data-reqmsg=\"Dieses Feld darf nicht leer sein.\" aria-required=\"true\" data-invmsg=\"Participaci\u00f3n ist ung\u00fcltig\" aria-invalid=\"false\"   \/> No quiero o no puedo participar<\/label><\/div>\n<\/div>\r\n    \r\n    \r\n<\/div>\n<div id=\"frm_field_53_container\" class=\"frm_form_field form-field  frm_top_container frm6 frm_first\">\r\n    <label for=\"field_62qfw4\" id=\"field_62qfw4_label\" class=\"frm_primary_label\">Cantidad de acompa\u00f1antes adult@s\r\n        <span class=\"frm_required\" aria-hidden=\"true\"><\/span>\r\n    <\/label>\r\n    \t\t<select name=\"item_meta[53]\" id=\"field_62qfw4\"  data-frmval=\"Neue Option\" data-invmsg=\"Cantidad de acompa\u00f1antes adult@s ist ung\u00fcltig\" aria-invalid=\"false\"  >\n\t\t\t\t<option  value=\"0\">\n\t\t\t0\t\t<\/option>\n\t\t\t\t<option  value=\"1\">\n\t\t\t1\t\t<\/option>\n\t\t\t\t<option  value=\"2\">\n\t\t\t2\t\t<\/option>\n\t\t\t\t<option  value=\"3\">\n\t\t\t3\t\t<\/option>\n\t\t\t\t<option  value=\"4\">\n\t\t\t4\t\t<\/option>\n\t\t\t\t<option  value=\"5\">\n\t\t\t5\t\t<\/option>\n\t\t\t<\/select>\n\t\r\n    \r\n    \r\n<\/div>\n<div id=\"frm_field_54_container\" class=\"frm_form_field form-field  frm_top_container frm6\">\r\n    <label for=\"field_ql6ld4\" id=\"field_ql6ld4_label\" class=\"frm_primary_label\">Nombre(s) de acompa\u00f1ante(s) adult@(s)\r\n        <span class=\"frm_required\" aria-hidden=\"true\"><\/span>\r\n    <\/label>\r\n    <textarea name=\"item_meta[54]\" id=\"field_ql6ld4\" rows=\"5\"  data-invmsg=\"Nombre(s) de acompa\u00f1ante(s) adult@(s) ist ung\u00fcltig\" aria-invalid=\"false\"  ><\/textarea>\r\n    \r\n    \r\n<\/div>\n<div id=\"frm_field_55_container\" class=\"frm_form_field form-field  frm_top_container frm6 frm_first\">\r\n    <label for=\"field_r03hg4\" id=\"field_r03hg4_label\" class=\"frm_primary_label\">Cantidad de acompa\u00f1antes menores\r\n        <span class=\"frm_required\" aria-hidden=\"true\"><\/span>\r\n    <\/label>\r\n    \t\t<select name=\"item_meta[55]\" id=\"field_r03hg4\"  data-invmsg=\"Cantidad de acompa\u00f1antes menores ist ung\u00fcltig\" aria-invalid=\"false\"  >\n\t\t\t\t<option  value=\"0\">\n\t\t\t0\t\t<\/option>\n\t\t\t\t<option  value=\"1\">\n\t\t\t1\t\t<\/option>\n\t\t\t\t<option  value=\"2\">\n\t\t\t2\t\t<\/option>\n\t\t\t\t<option  value=\"3\">\n\t\t\t3\t\t<\/option>\n\t\t\t\t<option  value=\"4\">\n\t\t\t4\t\t<\/option>\n\t\t\t\t<option  value=\"5\">\n\t\t\t5\t\t<\/option>\n\t\t\t\t<option  value=\"6\">\n\t\t\t6\t\t<\/option>\n\t\t\t<\/select>\n\t\r\n    \r\n    \r\n<\/div>\n<div id=\"frm_field_56_container\" class=\"frm_form_field form-field  frm_top_container frm6\">\r\n    <label for=\"field_ve9ms4\" id=\"field_ve9ms4_label\" class=\"frm_primary_label\">Nombre(s) y edad(es) de acompa\u00f1ante(s) menor(es)\r\n        <span class=\"frm_required\" aria-hidden=\"true\"><\/span>\r\n    <\/label>\r\n    <textarea name=\"item_meta[56]\" id=\"field_ve9ms4\" rows=\"5\"  data-invmsg=\"Nombre(s) y edad(es) de acompa\u00f1ante(s) menor(es) ist ung\u00fcltig\" aria-invalid=\"false\"  ><\/textarea>\r\n    \r\n    \r\n<\/div>\n<div id=\"frm_field_57_container\" class=\"frm_form_field form-field  frm_top_container frm12 frm_first\">\r\n    <label for=\"field_zak0u4\" id=\"field_zak0u4_label\" class=\"frm_primary_label\">Correo Electr\u00f3nico\r\n        <span class=\"frm_required\" aria-hidden=\"true\"><\/span>\r\n    <\/label>\r\n    <input type=\"email\" id=\"field_zak0u4\" name=\"item_meta[57]\" value=\"\"  data-invmsg=\"E-Mail ist ung\u00fcltig\" aria-invalid=\"false\"  \/>\r\n    \r\n    \r\n<\/div>\n<div id=\"frm_field_58_container\" class=\"frm_form_field form-field  frm_top_container frm12 frm_first\">\r\n    <label for=\"field_2zwx4\" id=\"field_2zwx4_label\" class=\"frm_primary_label\">Tel\u00e9fono\r\n        <span class=\"frm_required\" aria-hidden=\"true\"><\/span>\r\n    <\/label>\r\n    <input type=\"tel\" id=\"field_2zwx4\" name=\"item_meta[58]\" value=\"\"  data-invmsg=\"Telefon ist ung\u00fcltig\" aria-invalid=\"false\" pattern=\"((\\+\\d{1,3}(-|.| )?\\(?\\d\\)?(-| |.)?\\d{1,5})|(\\(?\\d{2,6}\\)?))(-|.| )?(\\d{3,4})(-|.| )?(\\d{4})(( x| ext)\\d{1,5}){0,1}$\"  \/>\r\n    \r\n    \r\n<\/div>\n<div id=\"frm_field_59_container\" class=\"frm_form_field form-field  frm_top_container frm12 frm_first\">\r\n    <label for=\"field_u6u7f4\" id=\"field_u6u7f4_label\" class=\"frm_primary_label\">\u00c9sto deber\u00edamos saber para los planes culinarios\r\n        <span class=\"frm_required\" aria-hidden=\"true\"><\/span>\r\n    <\/label>\r\n    \t\t<select name=\"item_meta[59]\" id=\"field_u6u7f4\"  data-frmval=\"Neue Option\" data-invmsg=\"\u00c9sto deber\u00edamos saber para los planes culinarios ist ung\u00fcltig\" aria-invalid=\"false\"  >\n\t\t\t\t<option  value=\"\">\n\t\t\t \t\t<\/option>\n\t\t\t\t<option  value=\"Omn\u00edvor@\">\n\t\t\tOmn\u00edvor@\t\t<\/option>\n\t\t\t\t<option  value=\"Vegetarian@\">\n\t\t\tVegetarian@\t\t<\/option>\n\t\t\t\t<option  value=\"Vegan@\">\n\t\t\tVegan@\t\t<\/option>\n\t\t\t\t<option  value=\"alergia seria a alguna comida (por favor specificar en el comentario)\">\n\t\t\talergia seria a alguna comida (por favor specificar en el comentario)\t\t<\/option>\n\t\t\t<\/select>\n\t\r\n    \r\n    \r\n<\/div>\n<div id=\"frm_field_60_container\" class=\"frm_form_field form-field  frm_top_container frm12 frm_first vertical_radio\">\r\n    <div  id=\"field_4pwzi4_label\" class=\"frm_primary_label\">Viaje, alojamiento y actividades (para los turistas)\r\n        <span class=\"frm_required\" aria-hidden=\"true\"><\/span>\r\n    <\/div>\r\n    <div class=\"frm_opt_container\" aria-labelledby=\"field_4pwzi4_label\" role=\"group\">\t\t<div class=\"frm_checkbox\" id=\"frm_checkbox_60-0\"><label for=\"field_4pwzi4-0\"><input type=\"checkbox\" name=\"item_meta[60][]\" id=\"field_4pwzi4-0\" value=\"Me gustar\u00eda tener apoyo con planear el viaje y\/o el alojamiento\"  data-invmsg=\"Viaje, alojamiento y actividades (para los turistas) ist ung\u00fcltig\" aria-invalid=\"false\"   \/> Me gustar\u00eda tener apoyo con planear el viaje y\/o el alojamiento<\/label><\/div>\n\t\t<div class=\"frm_checkbox\" id=\"frm_checkbox_60-1\"><label for=\"field_4pwzi4-1\"><input type=\"checkbox\" name=\"item_meta[60][]\" id=\"field_4pwzi4-1\" value=\"S\u00ed, estoy interesad@ en actividades comunes antes\/despu\u00e9s de la boda, si se da la posibilidad (por favor specificar la fecha en el comentario)\"  data-invmsg=\"Viaje, alojamiento y actividades (para los turistas) ist ung\u00fcltig\" aria-invalid=\"false\"   \/> S\u00ed, estoy interesad@ en actividades comunes antes\/despu\u00e9s de la boda, si se da la posibilidad (por favor specificar la fecha en el comentario)<\/label><\/div>\n\t\t<div class=\"frm_checkbox\" id=\"frm_checkbox_60-2\"><label for=\"field_4pwzi4-2\"><input type=\"checkbox\" name=\"item_meta[60][]\" id=\"field_4pwzi4-2\" value=\"No, gracias, no quiero\/necesito apoyo\"  data-invmsg=\"Viaje, alojamiento y actividades (para los turistas) ist ung\u00fcltig\" aria-invalid=\"false\"   \/> No, gracias, no quiero\/necesito apoyo<\/label><\/div>\n<\/div>\r\n    \r\n    \r\n<\/div>\n<div id=\"frm_field_61_container\" class=\"frm_form_field form-field  frm_top_container frm12 frm_first\">\r\n    <label for=\"field_t4n94\" id=\"field_t4n94_label\" class=\"frm_primary_label\">Comentario (completamente libre, d\u00edga nos lo que quieras)\r\n        <span class=\"frm_required\" aria-hidden=\"true\"><\/span>\r\n    <\/label>\r\n    <textarea name=\"item_meta[61]\" id=\"field_t4n94\" rows=\"5\"  data-invmsg=\"Comentario (completamente libre, d\u00edga nos lo que quieras) ist ung\u00fcltig\" aria-invalid=\"false\"  ><\/textarea>\r\n    \r\n    \r\n<\/div>\n\t<input type=\"hidden\" name=\"item_key\" value=\"\" \/>\n\t\t\t\t<div class=\"frm_verify\" aria-hidden=\"true\">\n\t\t\t\t<label for=\"frm_email_5\">\n\t\t\t\t\tFalls Du menschlich bist, lasse dieses Feld leer.\t\t\t\t<\/label>\n\t\t\t\t<input type=\"text\" class=\"frm_verify\" id=\"frm_email_5\" name=\"frm_verify\" value=\"\"  \/>\n\t\t\t<\/div>\n\t\t<div class=\"frm_submit\">\r\n\r\n<button class=\"frm_button_submit\" type=\"submit\"  >Enviar<\/button>\r\n\r\n\r\n<\/div><\/div>\n<\/fieldset>\n<\/div>\n<\/form>\n<\/div>\n","protected":false},"excerpt":{"rendered":"<p>Inscripci\u00f3n para la boda del 03\/09\/2022 Para nuestra planificaci\u00f3n les pedimos que llenen el siguiente formulario. Si desean comentarnos algo dem\u00e1s, hay un campo de &hellip;<\/p>\n","protected":false},"author":1,"featured_media":0,"parent":0,"menu_order":0,"comment_status":"closed","ping_status":"closed","template":"","meta":[],"_links":{"self":[{"href":"https:\/\/Kathrin-und-Manuel-2022.anontec.de\/index.php?rest_route=\/wp\/v2\/pages\/178"}],"collection":[{"href":"https:\/\/Kathrin-und-Manuel-2022.anontec.de\/index.php?rest_route=\/wp\/v2\/pages"}],"about":[{"href":"https:\/\/Kathrin-und-Manuel-2022.anontec.de\/index.php?rest_route=\/wp\/v2\/types\/page"}],"author":[{"embeddable":true,"href":"https:\/\/Kathrin-und-Manuel-2022.anontec.de\/index.php?rest_route=\/wp\/v2\/users\/1"}],"replies":[{"embeddable":true,"href":"https:\/\/Kathrin-und-Manuel-2022.anontec.de\/index.php?rest_route=%2Fwp%2Fv2%2Fcomments&post=178"}],"version-history":[{"count":7,"href":"https:\/\/Kathrin-und-Manuel-2022.anontec.de\/index.php?rest_route=\/wp\/v2\/pages\/178\/revisions"}],"predecessor-version":[{"id":238,"href":"https:\/\/Kathrin-und-Manuel-2022.anontec.de\/index.php?rest_route=\/wp\/v2\/pages\/178\/revisions\/238"}],"wp:attachment":[{"href":"https:\/\/Kathrin-und-Manuel-2022.anontec.de\/index.php?rest_route=%2Fwp%2Fv2%2Fmedia&parent=178"}],"curies":[{"name":"wp","href":"https:\/\/api.w.org\/{rel}","templated":true}]}}